{"id":9,"date":"2024-06-12T19:00:13","date_gmt":"2024-06-12T17:00:13","guid":{"rendered":"https:\/\/expojany.fr\/?page_id=9"},"modified":"2025-11-24T20:33:41","modified_gmt":"2025-11-24T19:33:41","slug":"accueil","status":"publish","type":"page","link":"https:\/\/expojany.fr\/","title":{"rendered":"Accueil"},"content":{"rendered":"<style>.kb-row-layout-id9_470953-39 > .kt-row-column-wrap{align-content:start;}:where(.kb-row-layout-id9_470953-39 > .kt-row-column-wrap) > .wp-block-kadence-column{justify-content:start;}.kb-row-layout-id9_470953-39 > .kt-row-column-wrap{column-gap:var(--global-kb-gap-md, 2rem);row-gap:var(--global-kb-gap-md, 2rem);padding-bottom:var(--global-kb-spacing-sm, 1.5rem);grid-template-columns:minmax(0, 1fr);}.kb-row-layout-id9_470953-39 > .kt-row-layout-overlay{opacity:0.30;}@media all and (max-width: 1024px){.kb-row-layout-id9_470953-39 > .kt-row-column-wrap{grid-template-columns:minmax(0, 1fr);}}@media all and (max-width: 767px){.kb-row-layout-id9_470953-39 > .kt-row-column-wrap{grid-template-columns:minmax(0, 1fr);}}<\/style><div class=\"kb-row-layout-wrap kb-row-layout-id9_470953-39 alignnone wp-block-kadence-rowlayout\"><div class=\"kt-row-column-wrap kt-has-1-columns kt-row-layout-equal kt-tab-layout-inherit kt-mobile-layout-row kt-row-valign-top\">\n<style>.kadence-column9_9287ae-3a > .kt-inside-inner-col{display:flex;}.kadence-column9_9287ae-3a > .kt-inside-inner-col{padding-top:0px;}.kadence-column9_9287ae-3a > .kt-inside-inner-col,.kadence-column9_9287ae-3a > .kt-inside-inner-col:before{border-top-left-radius:0px;border-top-right-radius:0px;border-bottom-right-radius:0px;border-bottom-left-radius:0px;}.kadence-column9_9287ae-3a > .kt-inside-inner-col{row-gap:var(--global-kb-gap-none, 0rem );column-gap:var(--global-kb-gap-sm, 1rem);}.kadence-column9_9287ae-3a > .kt-inside-inner-col{flex-direction:column;}.kadence-column9_9287ae-3a > .kt-inside-inner-col > .aligncenter{width:100%;}.kadence-column9_9287ae-3a > .kt-inside-inner-col:before{opacity:0.3;}.kadence-column9_9287ae-3a{position:relative;}@media all and (max-width: 1024px){.kadence-column9_9287ae-3a > .kt-inside-inner-col{flex-direction:column;justify-content:center;}}@media all and (max-width: 767px){.kadence-column9_9287ae-3a > .kt-inside-inner-col{flex-direction:column;justify-content:center;}}<\/style>\n<div class=\"wp-block-kadence-column kadence-column9_9287ae-3a\"><div class=\"kt-inside-inner-col\">\n<div class=\"wp-block-columns is-layout-flex wp-container-core-columns-is-layout-b934f1a7 wp-block-columns-is-layout-flex\" style=\"border-style:none;border-width:0%;padding-top:0;padding-right:var(--wp--preset--spacing--20);padding-bottom:0;padding-left:var(--wp--preset--spacing--20)\">\n<div class=\"wp-block-column is-layout-flow wp-block-column-is-layout-flow\" style=\"border-style:none;border-width:0px;padding-top:0;padding-bottom:0;flex-basis:100%\">\n<p class=\"has-medium-font-size\" style=\"padding-top:0;padding-right:0;padding-bottom:0;padding-left:0\"><strong>Bienvenue sur mon site d&#8217;artiste !<\/strong><br>J&#8217;esp\u00e8re que vous aurez du plaisir \u00e0 regarder les photos de mes \u0153uvres et qu&#8217;elles vous apporteront&nbsp; \u00c9motions, &nbsp;&nbsp; Sensations,&nbsp;&nbsp;&nbsp; Po\u00e9sie,&nbsp;&nbsp; Souvenirs &nbsp;&nbsp; .&nbsp; .&nbsp; .<br><strong>Naviguez \u00e0 travers mes galeries&nbsp;<\/strong>: Animaux \/ Instants de vie \/ Hommages. Et n&#8217;h\u00e9sitez pas \u00e0 me laisser des commentaires, ou \u00e0 me contacter. Bonne visite<br>JANY<br><br><strong>Voici quelques-unes de mes derni\u00e8res cr\u00e9ations que vous pouvez agrandir en cliquant sur une image.<\/strong><\/p>\n<\/div>\n<\/div>\n<\/div><\/div>\n\n\n<style>.kadence-column9_8208e8-94 > .kt-inside-inner-col,.kadence-column9_8208e8-94 > .kt-inside-inner-col:before{border-top-left-radius:0px;border-top-right-radius:0px;border-bottom-right-radius:0px;border-bottom-left-radius:0px;}.kadence-column9_8208e8-94 > .kt-inside-inner-col{column-gap:var(--global-kb-gap-sm, 1rem);}.kadence-column9_8208e8-94 > .kt-inside-inner-col{flex-direction:column;}.kadence-column9_8208e8-94 > .kt-inside-inner-col > .aligncenter{width:100%;}.kadence-column9_8208e8-94 > .kt-inside-inner-col:before{opacity:0.3;}.kadence-column9_8208e8-94{position:relative;}@media all and (max-width: 1024px){.kadence-column9_8208e8-94 > .kt-inside-inner-col{flex-direction:column;justify-content:center;}}@media all and (max-width: 767px){.kadence-column9_8208e8-94 > .kt-inside-inner-col{flex-direction:column;justify-content:center;}}<\/style>\n<div class=\"wp-block-kadence-column kadence-column9_8208e8-94\"><div class=\"kt-inside-inner-col\"><style>.kb-row-layout-id9_ea3858-9f > .kt-row-column-wrap{align-content:start;}:where(.kb-row-layout-id9_ea3858-9f > .kt-row-column-wrap) > .wp-block-kadence-column{justify-content:start;}.kb-row-layout-id9_ea3858-9f > .kt-row-column-wrap{column-gap:var(--global-kb-gap-md, 2rem);row-gap:var(--global-kb-gap-sm, 1rem);padding-top:var(--global-kb-spacing-xs, 1rem);padding-bottom:var(--global-kb-spacing-xs, 1rem);grid-template-columns:minmax(0, 1fr);}.kb-row-layout-id9_ea3858-9f > .kt-row-layout-overlay{opacity:0.30;}@media all and (max-width: 1024px){.kb-row-layout-id9_ea3858-9f > .kt-row-column-wrap{grid-template-columns:minmax(0, 1fr);}}@media all and (max-width: 767px){.kb-row-layout-id9_ea3858-9f > .kt-row-column-wrap{grid-template-columns:minmax(0, 1fr);}}<\/style><div class=\"kb-row-layout-wrap kb-row-layout-id9_ea3858-9f alignnone wp-block-kadence-rowlayout\"><div class=\"kt-row-column-wrap kt-has-1-columns kt-row-layout-equal kt-tab-layout-inherit kt-mobile-layout-row kt-row-valign-top\">\n<style>.kadence-column9_df8cff-d4 > .kt-inside-inner-col,.kadence-column9_df8cff-d4 > .kt-inside-inner-col:before{border-top-left-radius:0px;border-top-right-radius:0px;border-bottom-right-radius:0px;border-bottom-left-radius:0px;}.kadence-column9_df8cff-d4 > .kt-inside-inner-col{column-gap:var(--global-kb-gap-sm, 1rem);}.kadence-column9_df8cff-d4 > .kt-inside-inner-col{flex-direction:column;}.kadence-column9_df8cff-d4 > .kt-inside-inner-col > .aligncenter{width:100%;}.kadence-column9_df8cff-d4 > .kt-inside-inner-col:before{opacity:0.3;}.kadence-column9_df8cff-d4{position:relative;}@media all and (max-width: 1024px){.kadence-column9_df8cff-d4 > .kt-inside-inner-col{flex-direction:column;justify-content:center;}}@media all and (max-width: 767px){.kadence-column9_df8cff-d4 > .kt-inside-inner-col{flex-direction:column;justify-content:center;}}<\/style>\n<div class=\"wp-block-kadence-column kadence-column9_df8cff-d4\"><div class=\"kt-inside-inner-col\"><style>.wp-block-kadence-advancedgallery.kb-gallery-wrap-id-9_cfeec1-b1{padding-right:var(--global-kb-spacing-sm, 1.5rem);}.kb-gallery-id-9_cfeec1-b1.kb-gallery-ul.kb-gallery-type-fluidcarousel .kt-blocks-carousel figure .kb-gal-image-radius, .kb-gallery-id-9_cfeec1-b1.kb-gallery-ul.kb-gallery-type-fluidcarousel .kt-blocks-carousel figure .kb-gal-image-radius img{height:421px;}.kb-gallery-id-9_cfeec1-b1 .kadence-blocks-gallery-item .kb-gal-image-radius, .kb-gallery-id-9_cfeec1-b1 .kb-slide-item .kb-gal-image-radius img{border-radius:0px 0px 0px 0px;;}.kb-gallery-caption-style-cover-hover.kb-gallery-id-9_cfeec1-b1 .kadence-blocks-gallery-item .kadence-blocks-gallery-item-inner .kadence-blocks-gallery-item__caption, .kb-gallery-caption-style-below.kb-gallery-id-9_cfeec1-b1 .kadence-blocks-gallery-item .kadence-blocks-gallery-item-inner .kadence-blocks-gallery-item__caption{background:rgba(0, 0, 0, 0.8);}.kb-gallery-wrap-id-9_cfeec1-b1.wp-block-kadence-advancedgallery{overflow:visible;}.kb-gallery-wrap-id-9_cfeec1-b1.wp-block-kadence-advancedgallery .kt-blocks-carousel{overflow:visible;max-width:100%;}<\/style><div class=\"kb-gallery-wrap-id-9_cfeec1-b1 alignnone wp-block-kadence-advancedgallery\"><div class=\"kb-gallery-ul kb-gallery-non-static kb-gallery-type-fluidcarousel kb-gallery-id-9_cfeec1-b1 kb-gallery-caption-style-below kb-gallery-filter-none kb-gallery-magnific-init\" data-image-filter=\"none\" data-lightbox-caption=\"true\"><div class=\"kt-blocks-carousel splide kt-carousel-container-dotstyle-dark kt-carousel-arrowstyle-whiteondark kt-carousel-dotstyle-dark kb-slider-group-arrow kb-slider-arrow-position-center kb-carousel-mode-align-left\" data-slider-anim-speed=\"7780\" data-slider-scroll=\"1\" data-slider-arrows=\"true\" data-slider-dots=\"true\" data-slider-hover-pause=\"false\" data-slider-auto=\"1\" data-slider-speed=\"2910\" data-slider-type=\"fluidcarousel\" data-slider-center-mode=\"false\" data-slider-gap=\"36px\" data-slider-gap-tablet=\"36px\" data-slider-gap-mobile=\"36px\" data-show-pause-button=\"false\"><div class=\"splide__track\"><ul class=\"kt-blocks-carousel-init kb-blocks-fluid-carousel splide__list\"><li class=\"kb-slide-item kb-gallery-carousel-item splide__slide\"><div class=\"kadence-blocks-gallery-item\"><div class=\"kadence-blocks-gallery-item-inner\"><figure class=\"kb-gallery-figure kb-gallery-item-has-link kadence-blocks-gallery-item-has-caption\"><a href=\"https:\/\/expojany.fr\/wp-content\/uploads\/2025\/07\/chevre.jpg\" data-description=\"Ch\u00e8vre\r\n\" data-alt=\"Ch\u00e8vre\" class=\"kb-gallery-item-link\"   role=\"button\" aria-haspopup=\"dialog\"><div class=\"kb-gal-image-radius\"><div class=\"kb-gallery-image-contain\" ><img loading=\"lazy\" decoding=\"async\" src=\"https:\/\/expojany.fr\/wp-content\/uploads\/2025\/07\/chevre-780x1024.jpg\" width=\"780\" height=\"1024\" alt=\"Ch\u00e8vre\" data-full-image=\"https:\/\/expojany.fr\/wp-content\/uploads\/2025\/07\/chevre.jpg\" data-light-image=\"https:\/\/expojany.fr\/wp-content\/uploads\/2025\/07\/chevre.jpg\" data-id=\"273\" class=\"wp-image-273 skip-lazy\" srcset=\"https:\/\/expojany.fr\/wp-content\/uploads\/2025\/07\/chevre-780x1024.jpg 780w, https:\/\/expojany.fr\/wp-content\/uploads\/2025\/07\/chevre-229x300.jpg 229w, https:\/\/expojany.fr\/wp-content\/uploads\/2025\/07\/chevre-768x1008.jpg 768w, https:\/\/expojany.fr\/wp-content\/uploads\/2025\/07\/chevre-1170x1536.jpg 1170w, https:\/\/expojany.fr\/wp-content\/uploads\/2025\/07\/chevre-1560x2048.jpg 1560w, https:\/\/expojany.fr\/wp-content\/uploads\/2025\/07\/chevre.jpg 1770w\" sizes=\"auto, (max-width: 780px) 100vw, 780px\" \/><\/div><\/div><div class=\"kadence-blocks-gallery-item__caption\">Ch\u00e8vre\r\n<\/div><\/a><\/figure><\/div><\/div><\/li><li class=\"kb-slide-item kb-gallery-carousel-item splide__slide\"><div class=\"kadence-blocks-gallery-item\"><div class=\"kadence-blocks-gallery-item-inner\"><figure class=\"kb-gallery-figure kb-gallery-item-has-link kadence-blocks-gallery-item-has-caption\"><a href=\"https:\/\/expojany.fr\/wp-content\/uploads\/2025\/11\/20251111_155837-scaled.jpg\" data-description=\"H\u00e9risson\" data-alt=\"H\u00e9risson\" class=\"kb-gallery-item-link\"   role=\"button\" aria-haspopup=\"dialog\"><div class=\"kb-gal-image-radius\"><div class=\"kb-gallery-image-contain\" ><img loading=\"lazy\" decoding=\"async\" src=\"https:\/\/expojany.fr\/wp-content\/uploads\/2025\/11\/20251111_155837-1024x737.jpg\" width=\"1024\" height=\"737\" alt=\"H\u00e9risson\" data-full-image=\"https:\/\/expojany.fr\/wp-content\/uploads\/2025\/11\/20251111_155837-scaled.jpg\" data-light-image=\"https:\/\/expojany.fr\/wp-content\/uploads\/2025\/11\/20251111_155837-scaled.jpg\" data-id=\"285\" class=\"wp-image-285 skip-lazy\" srcset=\"https:\/\/expojany.fr\/wp-content\/uploads\/2025\/11\/20251111_155837-1024x737.jpg 1024w, https:\/\/expojany.fr\/wp-content\/uploads\/2025\/11\/20251111_155837-300x216.jpg 300w, https:\/\/expojany.fr\/wp-content\/uploads\/2025\/11\/20251111_155837-768x553.jpg 768w, https:\/\/expojany.fr\/wp-content\/uploads\/2025\/11\/20251111_155837-1536x1106.jpg 1536w, https:\/\/expojany.fr\/wp-content\/uploads\/2025\/11\/20251111_155837-2048x1475.jpg 2048w\" sizes=\"auto, (max-width: 1024px) 100vw, 1024px\" \/><\/div><\/div><div class=\"kadence-blocks-gallery-item__caption\">H\u00e9risson<\/div><\/a><\/figure><\/div><\/div><\/li><li class=\"kb-slide-item kb-gallery-carousel-item splide__slide\"><div class=\"kadence-blocks-gallery-item\"><div class=\"kadence-blocks-gallery-item-inner\"><figure class=\"kb-gallery-figure kb-gallery-item-has-link kadence-blocks-gallery-item-has-caption\"><a href=\"https:\/\/expojany.fr\/wp-content\/uploads\/2025\/06\/20250529_200804.jpg\" data-description=\"Chat sous la lune\" data-alt=\"Chat sous la lune\" class=\"kb-gallery-item-link\"   role=\"button\" aria-haspopup=\"dialog\"><div class=\"kb-gal-image-radius\"><div class=\"kb-gallery-image-contain\" ><img loading=\"lazy\" decoding=\"async\" src=\"https:\/\/expojany.fr\/wp-content\/uploads\/2025\/06\/20250529_200804-1024x742.jpg\" width=\"1024\" height=\"742\" alt=\"Chat sous la lune\" data-full-image=\"https:\/\/expojany.fr\/wp-content\/uploads\/2025\/06\/20250529_200804.jpg\" data-light-image=\"https:\/\/expojany.fr\/wp-content\/uploads\/2025\/06\/20250529_200804.jpg\" data-id=\"265\" class=\"wp-image-265 skip-lazy\" srcset=\"https:\/\/expojany.fr\/wp-content\/uploads\/2025\/06\/20250529_200804-1024x742.jpg 1024w, https:\/\/expojany.fr\/wp-content\/uploads\/2025\/06\/20250529_200804-300x217.jpg 300w, https:\/\/expojany.fr\/wp-content\/uploads\/2025\/06\/20250529_200804-768x556.jpg 768w, https:\/\/expojany.fr\/wp-content\/uploads\/2025\/06\/20250529_200804-1536x1113.jpg 1536w, https:\/\/expojany.fr\/wp-content\/uploads\/2025\/06\/20250529_200804-2048x1483.jpg 2048w\" sizes=\"auto, (max-width: 1024px) 100vw, 1024px\" \/><\/div><\/div><div class=\"kadence-blocks-gallery-item__caption\">Chat sous la lune<\/div><\/a><\/figure><\/div><\/div><\/li><li class=\"kb-slide-item kb-gallery-carousel-item splide__slide\"><div class=\"kadence-blocks-gallery-item\"><div class=\"kadence-blocks-gallery-item-inner\"><figure class=\"kb-gallery-figure kb-gallery-item-has-link kadence-blocks-gallery-item-has-caption\"><a href=\"https:\/\/expojany.fr\/wp-content\/uploads\/2025\/11\/20251107_092535.jpg\" data-description=\"Gobe-mouche\" data-alt=\"Gobe-mouche\" class=\"kb-gallery-item-link\"   role=\"button\" aria-haspopup=\"dialog\"><div class=\"kb-gal-image-radius\"><div class=\"kb-gallery-image-contain\" ><img loading=\"lazy\" decoding=\"async\" src=\"https:\/\/expojany.fr\/wp-content\/uploads\/2025\/11\/20251107_092535-1024x983.jpg\" width=\"1024\" height=\"983\" alt=\"Gobe-mouche\" data-full-image=\"https:\/\/expojany.fr\/wp-content\/uploads\/2025\/11\/20251107_092535.jpg\" data-light-image=\"https:\/\/expojany.fr\/wp-content\/uploads\/2025\/11\/20251107_092535.jpg\" data-id=\"283\" class=\"wp-image-283 skip-lazy\" srcset=\"https:\/\/expojany.fr\/wp-content\/uploads\/2025\/11\/20251107_092535-1024x983.jpg 1024w, https:\/\/expojany.fr\/wp-content\/uploads\/2025\/11\/20251107_092535-300x288.jpg 300w, https:\/\/expojany.fr\/wp-content\/uploads\/2025\/11\/20251107_092535-768x737.jpg 768w, https:\/\/expojany.fr\/wp-content\/uploads\/2025\/11\/20251107_092535-1536x1475.jpg 1536w, https:\/\/expojany.fr\/wp-content\/uploads\/2025\/11\/20251107_092535-2048x1966.jpg 2048w\" sizes=\"auto, (max-width: 1024px) 100vw, 1024px\" \/><\/div><\/div><div class=\"kadence-blocks-gallery-item__caption\">Gobe-mouche<\/div><\/a><\/figure><\/div><\/div><\/li><li class=\"kb-slide-item kb-gallery-carousel-item splide__slide\"><div class=\"kadence-blocks-gallery-item\"><div class=\"kadence-blocks-gallery-item-inner\"><figure class=\"kb-gallery-figure kb-gallery-item-has-link kadence-blocks-gallery-item-has-caption\"><a href=\"https:\/\/expojany.fr\/wp-content\/uploads\/2024\/12\/Resized_20241204_154231.jpeg\" data-description=\"Lagunes de l&#039;H\u00e9rault\" data-alt=\"Lagunes de l&#039;H\u00e9rault\" class=\"kb-gallery-item-link\"   role=\"button\" aria-haspopup=\"dialog\"><div class=\"kb-gal-image-radius\"><div class=\"kb-gallery-image-contain\" ><img loading=\"lazy\" decoding=\"async\" src=\"https:\/\/expojany.fr\/wp-content\/uploads\/2024\/12\/Resized_20241204_154231-1024x721.jpeg\" width=\"1024\" height=\"721\" alt=\"Lagunes de l&#039;H\u00e9rault\" data-full-image=\"https:\/\/expojany.fr\/wp-content\/uploads\/2024\/12\/Resized_20241204_154231.jpeg\" data-light-image=\"https:\/\/expojany.fr\/wp-content\/uploads\/2024\/12\/Resized_20241204_154231.jpeg\" data-id=\"229\" class=\"wp-image-229 skip-lazy\" srcset=\"https:\/\/expojany.fr\/wp-content\/uploads\/2024\/12\/Resized_20241204_154231-1024x721.jpeg 1024w, https:\/\/expojany.fr\/wp-content\/uploads\/2024\/12\/Resized_20241204_154231-300x211.jpeg 300w, https:\/\/expojany.fr\/wp-content\/uploads\/2024\/12\/Resized_20241204_154231-768x541.jpeg 768w, https:\/\/expojany.fr\/wp-content\/uploads\/2024\/12\/Resized_20241204_154231.jpeg 1398w\" sizes=\"auto, (max-width: 1024px) 100vw, 1024px\" \/><\/div><\/div><div class=\"kadence-blocks-gallery-item__caption\">Lagunes de l&#8217;H\u00e9rault<\/div><\/a><\/figure><\/div><\/div><\/li><li class=\"kb-slide-item kb-gallery-carousel-item splide__slide\"><div class=\"kadence-blocks-gallery-item\"><div class=\"kadence-blocks-gallery-item-inner\"><figure class=\"kb-gallery-figure kb-gallery-item-has-link kadence-blocks-gallery-item-has-caption\"><a href=\"https:\/\/expojany.fr\/wp-content\/uploads\/2024\/12\/image0000001-23-.jpg\" data-description=\"Canal du Midi\" data-alt=\"Canal du Midi\" class=\"kb-gallery-item-link\"   role=\"button\" aria-haspopup=\"dialog\"><div class=\"kb-gal-image-radius\"><div class=\"kb-gallery-image-contain\" ><img loading=\"lazy\" decoding=\"async\" src=\"https:\/\/expojany.fr\/wp-content\/uploads\/2024\/12\/image0000001-23--768x1024.jpg\" width=\"768\" height=\"1024\" alt=\"Canal du Midi\" data-full-image=\"https:\/\/expojany.fr\/wp-content\/uploads\/2024\/12\/image0000001-23-.jpg\" data-light-image=\"https:\/\/expojany.fr\/wp-content\/uploads\/2024\/12\/image0000001-23-.jpg\" data-id=\"228\" class=\"wp-image-228 skip-lazy\" srcset=\"https:\/\/expojany.fr\/wp-content\/uploads\/2024\/12\/image0000001-23--768x1024.jpg 768w, https:\/\/expojany.fr\/wp-content\/uploads\/2024\/12\/image0000001-23--225x300.jpg 225w, https:\/\/expojany.fr\/wp-content\/uploads\/2024\/12\/image0000001-23--1152x1536.jpg 1152w, https:\/\/expojany.fr\/wp-content\/uploads\/2024\/12\/image0000001-23-.jpg 1200w\" sizes=\"auto, (max-width: 768px) 100vw, 768px\" \/><\/div><\/div><div class=\"kadence-blocks-gallery-item__caption\">Canal du Midi<\/div><\/a><\/figure><\/div><\/div><\/li><li class=\"kb-slide-item kb-gallery-carousel-item splide__slide\"><div class=\"kadence-blocks-gallery-item\"><div class=\"kadence-blocks-gallery-item-inner\"><figure class=\"kb-gallery-figure kb-gallery-item-has-link kadence-blocks-gallery-item-has-caption\"><a href=\"https:\/\/expojany.fr\/wp-content\/uploads\/2025\/11\/20251107_092616.jpg\" data-description=\"Papillon\" data-alt=\"Papillon\" class=\"kb-gallery-item-link\"   role=\"button\" aria-haspopup=\"dialog\"><div class=\"kb-gal-image-radius\"><div class=\"kb-gallery-image-contain\" ><img loading=\"lazy\" decoding=\"async\" src=\"https:\/\/expojany.fr\/wp-content\/uploads\/2025\/11\/20251107_092616-677x1024.jpg\" width=\"677\" height=\"1024\" alt=\"Papillon\" data-full-image=\"https:\/\/expojany.fr\/wp-content\/uploads\/2025\/11\/20251107_092616.jpg\" data-light-image=\"https:\/\/expojany.fr\/wp-content\/uploads\/2025\/11\/20251107_092616.jpg\" data-id=\"284\" class=\"wp-image-284 skip-lazy\" srcset=\"https:\/\/expojany.fr\/wp-content\/uploads\/2025\/11\/20251107_092616-677x1024.jpg 677w, https:\/\/expojany.fr\/wp-content\/uploads\/2025\/11\/20251107_092616-198x300.jpg 198w, https:\/\/expojany.fr\/wp-content\/uploads\/2025\/11\/20251107_092616-768x1161.jpg 768w, https:\/\/expojany.fr\/wp-content\/uploads\/2025\/11\/20251107_092616-1016x1536.jpg 1016w, https:\/\/expojany.fr\/wp-content\/uploads\/2025\/11\/20251107_092616.jpg 1051w\" sizes=\"auto, (max-width: 677px) 100vw, 677px\" \/><\/div><\/div><div class=\"kadence-blocks-gallery-item__caption\">Papillon<\/div><\/a><\/figure><\/div><\/div><\/li><\/ul><\/div><\/div><\/div><\/div><\/div><\/div>\n\n<\/div><\/div><\/div><\/div>\n\n<\/div><\/div>\n\n<style>.kadence-column9_9fbb8e-3c > .kt-inside-inner-col,.kadence-column9_9fbb8e-3c > .kt-inside-inner-col:before{border-top-left-radius:0px;border-top-right-radius:0px;border-bottom-right-radius:0px;border-bottom-left-radius:0px;}.kadence-column9_9fbb8e-3c > .kt-inside-inner-col{column-gap:var(--global-kb-gap-sm, 1rem);}.kadence-column9_9fbb8e-3c > .kt-inside-inner-col{flex-direction:column;}.kadence-column9_9fbb8e-3c > .kt-inside-inner-col > .aligncenter{width:100%;}.kadence-column9_9fbb8e-3c > .kt-inside-inner-col:before{opacity:0.3;}.kadence-column9_9fbb8e-3c{position:relative;}@media all and (max-width: 1024px){.kadence-column9_9fbb8e-3c > .kt-inside-inner-col{flex-direction:column;justify-content:center;}}@media all and (max-width: 767px){.kadence-column9_9fbb8e-3c > .kt-inside-inner-col{flex-direction:column;justify-content:center;}}<\/style>\n<div class=\"wp-block-kadence-column kadence-column9_9fbb8e-3c\"><div class=\"kt-inside-inner-col\">\n.<br><br><br><br><br><br><br><br><br><br><br><br><br><br><br><br><br><<br><br><br><br><br><br><br><br><br><br><br><br><br><br><br><br><br><br><br><br><br><br><br><br><br><br<br><br><br><br><br><br><br><br><br><br><br><br><br><br><br><br><br><br><br><br><br><br><br<br><br><br><br><br><br><br><br><br><br><br><br><br>\n<\/div><\/div>\n\n\n<style>.kadence-column9_5f03eb-98 > .kt-inside-inner-col,.kadence-column9_5f03eb-98 > .kt-inside-inner-col:before{border-top-left-radius:0px;border-top-right-radius:0px;border-bottom-right-radius:0px;border-bottom-left-radius:0px;}.kadence-column9_5f03eb-98 > .kt-inside-inner-col{column-gap:var(--global-kb-gap-sm, 1rem);}.kadence-column9_5f03eb-98 > .kt-inside-inner-col{flex-direction:column;}.kadence-column9_5f03eb-98 > .kt-inside-inner-col > .aligncenter{width:100%;}.kadence-column9_5f03eb-98 > .kt-inside-inner-col:before{opacity:0.3;}.kadence-column9_5f03eb-98{position:relative;}@media all and (max-width: 1024px){.kadence-column9_5f03eb-98 > .kt-inside-inner-col{flex-direction:column;justify-content:center;}}@media all and (max-width: 767px){.kadence-column9_5f03eb-98 > .kt-inside-inner-col{flex-direction:column;justify-content:center;}}<\/style>\n<div class=\"wp-block-kadence-column kadence-column9_5f03eb-98\"><div class=\"kt-inside-inner-col\"><p class=\"burst-pageviews\">This page has been viewed 13 times.<\/p><\/div><\/div>\n","protected":false},"excerpt":{"rendered":"<p>Bienvenue sur mon site d&#8217;artiste !J&#8217;esp\u00e8re que vous aurez du plaisir \u00e0 regarder les photos de mes \u0153uvres et qu&#8217;elles vous apporteront&nbsp; \u00c9motions, &nbsp;&nbsp; Sensations,&nbsp;&nbsp;&nbsp; Po\u00e9sie,&nbsp;&nbsp; Souvenirs &nbsp;&nbsp; .&nbsp; .&nbsp; .Naviguez \u00e0 travers mes galeries&nbsp;: Animaux \/ Instants de vie \/ Hommages. Et n&#8217;h\u00e9sitez pas \u00e0 me laisser des commentaires, ou \u00e0 me contacter. Bonne&#8230;<\/p>\n","protected":false},"author":1,"featured_media":0,"parent":0,"menu_order":0,"comment_status":"closed","ping_status":"closed","template":"","meta":{"_monsterinsights_skip_tracking":false,"_monsterinsights_sitenote_active":false,"_monsterinsights_sitenote_note":"","_monsterinsights_sitenote_category":0,"_kad_post_transparent":"","_kad_post_title":"","_kad_post_layout":"","_kad_post_sidebar_id":"","_kad_post_content_style":"","_kad_post_vertical_padding":"","_kad_post_feature":"","_kad_post_feature_position":"","_kad_post_header":false,"_kad_post_footer":false,"_kad_post_classname":"","footnotes":""},"class_list":["post-9","page","type-page","status-publish","hentry"],"_links":{"self":[{"href":"https:\/\/expojany.fr\/index.php?rest_route=\/wp\/v2\/pages\/9","targetHints":{"allow":["GET"]}}],"collection":[{"href":"https:\/\/expojany.fr\/index.php?rest_route=\/wp\/v2\/pages"}],"about":[{"href":"https:\/\/expojany.fr\/index.php?rest_route=\/wp\/v2\/types\/page"}],"author":[{"embeddable":true,"href":"https:\/\/expojany.fr\/index.php?rest_route=\/wp\/v2\/users\/1"}],"replies":[{"embeddable":true,"href":"https:\/\/expojany.fr\/index.php?rest_route=%2Fwp%2Fv2%2Fcomments&post=9"}],"version-history":[{"count":33,"href":"https:\/\/expojany.fr\/index.php?rest_route=\/wp\/v2\/pages\/9\/revisions"}],"predecessor-version":[{"id":287,"href":"https:\/\/expojany.fr\/index.php?rest_route=\/wp\/v2\/pages\/9\/revisions\/287"}],"wp:attachment":[{"href":"https:\/\/expojany.fr\/index.php?rest_route=%2Fwp%2Fv2%2Fmedia&parent=9"}],"curies":[{"name":"wp","href":"https:\/\/api.w.org\/{rel}","templated":true}]}}